{"id":62,"date":"2025-08-15T19:49:17","date_gmt":"2025-08-15T19:49:17","guid":{"rendered":"https:\/\/casazul.jarlim.es\/?page_id=62"},"modified":"2025-08-15T19:49:40","modified_gmt":"2025-08-15T19:49:40","slug":"services","status":"publish","type":"page","link":"https:\/\/casazul.jarlim.es\/en\/services\/","title":{"rendered":"Services"},"content":{"rendered":"<div class=\"wp-block-uagb-container uagb-block-c31566db alignfull uagb-is-root-container\"><div class=\"uagb-container-inner-blocks-wrap\">\n<div class=\"wp-block-uagb-info-box uagb-block-b47224c2 uagb-infobox__content-wrap  uagb-infobox-icon-above-title uagb-infobox-image-valign-top\"><div class=\"uagb-ifb-content\"><div class=\"uagb-ifb-title-wrap\"><h1 class=\"uagb-ifb-title\">Servicios de CasaAzul<\/h1><\/div><p class=\"uagb-ifb-desc\">Descubre todo lo que ofrecemos para tu estancia perfecta.<\/p><\/div><\/div>\n<\/div><\/div>\n\n\n\n<div class=\"wp-block-uagb-container uagb-block-10d0cbec alignfull uagb-is-root-container\"><div class=\"uagb-container-inner-blocks-wrap\">\n<div class=\"wp-block-uagb-info-box uagb-block-c712efe7 uagb-infobox__content-wrap  uagb-infobox-icon-above-title uagb-infobox-image-valign-top\"><div class=\"uagb-ifb-content\"><div class=\"uagb-ifb-title-wrap\"><p class=\"uagb-ifb-title-prefix\">Lo que ofrecemos<\/p><h2 class=\"uagb-ifb-title\">Servicios para todos<\/h2><\/div><p class=\"uagb-ifb-desc\">Calidad y comodidad en cada rinc\u00f3n de nuestra finca.<\/p><\/div><\/div>\n\n\n\n<div class=\"wp-block-uagb-container uagb-block-c6cb2f06\">\n<div class=\"wp-block-uagb-container uagb-block-b5b85524\">\n<div class=\"wp-block-uagb-info-box uagb-block-fa33cf02 uagb-infobox__content-wrap  uagb-infobox-icon-above-title uagb-infobox-image-valign-top\"><div class=\"uagb-ifb-content\"><div class=\"uagb-ifb-title-wrap\"><p class=\"uagb-ifb-title-prefix\">Alojamiento amplio<\/p><h3 class=\"uagb-ifb-title\">Casa Grande y Casa Peque\u00f1a<\/h3><\/div><p class=\"uagb-ifb-desc\">Nuestras casas est\u00e1n completamente equipadas para recibir grupos grandes y peque\u00f1os, con todo lo necesario para una estancia confortable y placentera.<\/p><\/div><\/div>\n\n\n\n<div class=\"wp-block-uagb-image alignleft uagb-block-3757ebae wp-block-uagb-image--layout-default wp-block-uagb-image--effect-static wp-block-uagb-image--align-left\"><figure class=\"wp-block-uagb-image__figure\"><img loading=\"lazy\" decoding=\"async\" srcset=\"https:\/\/casazul.jarlim.es\/wp-content\/uploads\/2025\/08\/pexels-photo-28664803.jpeg ,https:\/\/casazul.jarlim.es\/wp-content\/uploads\/2025\/08\/pexels-photo-28664803.jpeg 780w, https:\/\/casazul.jarlim.es\/wp-content\/uploads\/2025\/08\/pexels-photo-28664803.jpeg 360w\" sizes=\"auto, (max-width: 480px) 150px\" src=\"https:\/\/casazul.jarlim.es\/wp-content\/uploads\/2025\/08\/pexels-photo-28664803.jpeg\" alt=\"Beautiful rural landscape featuring verdant hills, a winding stream, and lush greenery under a clear blue sky.\" class=\"uag-image-19\" width=\"583\" height=\"360\" title=\"\" role=\"img\"\/><\/figure><\/div>\n<\/div>\n\n\n\n<div class=\"wp-block-uagb-container uagb-block-29ed597d\">\n<div class=\"wp-block-uagb-info-box uagb-block-49ab31a4 uagb-infobox__content-wrap  uagb-infobox-icon-above-title uagb-infobox-image-valign-top\"><div class=\"uagb-ifb-content\"><div class=\"uagb-ifb-title-wrap\"><p class=\"uagb-ifb-title-prefix\">Actividades recreativas<\/p><h3 class=\"uagb-ifb-title\">Diversi\u00f3n para todas las edades<\/h3><\/div><p class=\"uagb-ifb-desc\">Disfruta de la piscina, barbacoa, columpios, y nuestra nueva cama el\u00e1stica, ofreciendo diversi\u00f3n y relajaci\u00f3n para toda la familia.<\/p><\/div><\/div>\n\n\n\n<div class=\"wp-block-uagb-image alignleft uagb-block-8ae455c4 wp-block-uagb-image--layout-default wp-block-uagb-image--effect-static wp-block-uagb-image--align-left\"><figure class=\"wp-block-uagb-image__figure\"><img loading=\"lazy\" decoding=\"async\" srcset=\"https:\/\/casazul.jarlim.es\/wp-content\/uploads\/2025\/08\/pexels-photo-18518279.jpeg ,https:\/\/casazul.jarlim.es\/wp-content\/uploads\/2025\/08\/pexels-photo-18518279.jpeg 780w, https:\/\/casazul.jarlim.es\/wp-content\/uploads\/2025\/08\/pexels-photo-18518279.jpeg 360w\" sizes=\"auto, (max-width: 480px) 150px\" src=\"https:\/\/casazul.jarlim.es\/wp-content\/uploads\/2025\/08\/pexels-photo-18518279.jpeg\" alt=\"A herd of cows standing in a grassy pasture under a cloudy sky in Balcarce, Argentina.\" class=\"uag-image-20\" width=\"583\" height=\"360\" title=\"\" role=\"img\"\/><\/figure><\/div>\n<\/div>\n<\/div>\n\n\n\n<div class=\"wp-block-uagb-container uagb-block-145277b7\">\n<div class=\"wp-block-uagb-container uagb-block-f9d6f6ba\">\n<div class=\"wp-block-uagb-info-box uagb-block-42a02dc5 uagb-infobox__content-wrap  uagb-infobox-icon-above-title uagb-infobox-image-valign-top\"><div class=\"uagb-ifb-content\"><div class=\"uagb-ifb-title-wrap\"><p class=\"uagb-ifb-title-prefix\">Conexi\u00f3n disponible<\/p><h3 class=\"uagb-ifb-title\">Wi-Fi de alta velocidad<\/h3><\/div><p class=\"uagb-ifb-desc\">Ofrecemos Wi-Fi independiente por casa en dos frecuencias para asegurar que est\u00e9s siempre conectado durante tu estancia.<\/p><\/div><\/div>\n\n\n\n<div class=\"wp-block-uagb-image alignleft uagb-block-9a8d8386 wp-block-uagb-image--layout-default wp-block-uagb-image--effect-static wp-block-uagb-image--align-left\"><figure class=\"wp-block-uagb-image__figure\"><img loading=\"lazy\" decoding=\"async\" srcset=\"https:\/\/casazul.jarlim.es\/wp-content\/uploads\/2025\/08\/pexels-photo-33347943.jpeg ,https:\/\/casazul.jarlim.es\/wp-content\/uploads\/2025\/08\/pexels-photo-33347943.jpeg 780w, https:\/\/casazul.jarlim.es\/wp-content\/uploads\/2025\/08\/pexels-photo-33347943.jpeg 360w\" sizes=\"auto, (max-width: 480px) 150px\" src=\"https:\/\/casazul.jarlim.es\/wp-content\/uploads\/2025\/08\/pexels-photo-33347943.jpeg\" alt=\"Tropilla\" class=\"uag-image-21\" width=\"583\" height=\"360\" title=\"\" role=\"img\"\/><\/figure><\/div>\n<\/div>\n\n\n\n<div class=\"wp-block-uagb-container uagb-block-924aec1e\">\n<div class=\"wp-block-uagb-info-box uagb-block-d1413d72 uagb-infobox__content-wrap  uagb-infobox-icon-above-title uagb-infobox-image-valign-top\"><div class=\"uagb-ifb-content\"><div class=\"uagb-ifb-title-wrap\"><p class=\"uagb-ifb-title-prefix\">Entorno natural<\/p><h3 class=\"uagb-ifb-title\">Actividades en la naturaleza<\/h3><\/div><p class=\"uagb-ifb-desc\">Explora rutas senderistas y excursiones culturales, con f\u00e1cil acceso a poblaciones cercanas ofreciendo un sinf\u00edn de aventuras.<\/p><\/div><\/div>\n\n\n\n<div class=\"wp-block-uagb-image alignleft uagb-block-7ad964cc wp-block-uagb-image--layout-default wp-block-uagb-image--effect-static wp-block-uagb-image--align-left\"><figure class=\"wp-block-uagb-image__figure\"><img loading=\"lazy\" decoding=\"async\" srcset=\"https:\/\/casazul.jarlim.es\/wp-content\/uploads\/2025\/08\/pexels-photo-28664799.jpeg ,https:\/\/casazul.jarlim.es\/wp-content\/uploads\/2025\/08\/pexels-photo-28664799.jpeg 780w, https:\/\/casazul.jarlim.es\/wp-content\/uploads\/2025\/08\/pexels-photo-28664799.jpeg 360w\" sizes=\"auto, (max-width: 480px) 150px\" src=\"https:\/\/casazul.jarlim.es\/wp-content\/uploads\/2025\/08\/pexels-photo-28664799.jpeg\" alt=\"Vibrant landscape featuring a red gate leading to vast fields against a clear sky.\" class=\"uag-image-22\" width=\"583\" height=\"360\" title=\"\" role=\"img\"\/><\/figure><\/div>\n<\/div>\n<\/div>\n<\/div><\/div>\n\n\n\n<div class=\"wp-block-uagb-container uagb-block-64999c16 alignfull uagb-is-root-container\"><div class=\"uagb-container-inner-blocks-wrap\">\n<div class=\"wp-block-uagb-info-box uagb-block-a4c0d1e4 uagb-infobox__content-wrap  uagb-infobox-icon-above-title uagb-infobox-image-valign-top wp-block-uagb-info-box--has-margin\"><div class=\"uagb-infobox-margin-wrapper\"><div class=\"uagb-ifb-content\"><div class=\"uagb-ifb-title-wrap\"><h2 class=\"uagb-ifb-title\">\u00a1No Esperes M\u00e1s!<\/h2><\/div><p class=\"uagb-ifb-desc\">Vive una experiencia \u00fanica en la naturaleza.<\/p><div class=\"uagb-ifb-button-wrapper wp-block-button\"><a href=\"\/en\/contact\/\" class=\"uagb-infobox-cta-link wp-block-button__link\" target=\"_self\" rel=\"noopener noreferrer\" onclick=\"return true;\" alt=\"\"><span class=\"uagb-inline-editing\">Reserva Ahora<\/span><\/a><\/div><\/div><\/div><\/div>\n<\/div><\/div>\n\n\n\n<div class=\"wp-block-uagb-container uagb-block-9300689b alignfull uagb-is-root-container\"><div class=\"uagb-container-inner-blocks-wrap\">\n<div class=\"wp-block-uagb-info-box uagb-block-80ea8b00 uagb-infobox__content-wrap  uagb-infobox-icon-above-title uagb-infobox-image-valign-top\"><div class=\"uagb-ifb-content\"><div class=\"uagb-ifb-title-wrap\"><h2 class=\"uagb-ifb-title\">Informaci\u00f3n de Contacto<\/h2><\/div><p class=\"uagb-ifb-desc\">No dudes en ponerte en contacto con nosotros.<\/p><\/div><\/div>\n\n\n\n<div class=\"wp-block-uagb-container uagb-block-131b8a1d\">\n<div class=\"wp-block-uagb-info-box uagb-block-12bd8b02 uagb-infobox__content-wrap  uagb-infobox-icon-above-title uagb-infobox-image-valign-top\"><div class=\"uagb-ifb-content\"><div class=\"uagb-ifb-icon-wrap\"><svg xmlns=\"https:\/\/www.w3.org\/2000\/svg\" viewbox=\"0 0 512 512\"><path d=\"M464 64C490.5 64 512 85.49 512 112C512 127.1 504.9 141.3 492.8 150.4L275.2 313.6C263.8 322.1 248.2 322.1 236.8 313.6L19.2 150.4C7.113 141.3 0 127.1 0 112C0 85.49 21.49 64 48 64H464zM217.6 339.2C240.4 356.3 271.6 356.3 294.4 339.2L512 176V384C512 419.3 483.3 448 448 448H64C28.65 448 0 419.3 0 384V176L217.6 339.2z\"><\/path><\/svg><\/div><div class=\"uagb-ifb-title-wrap\"><span class=\"uagb-ifb-title-prefix\">Correo electr\u00f3nico<\/span><p class=\"uagb-ifb-title\">Env\u00edenos un correo electr\u00f3nico y nos pondremos en contacto con usted lo antes posible.<\/p><\/div><p class=\"uagb-ifb-desc\">guilleramirez@gmail.com<\/p><\/div><\/div>\n\n\n\n<div class=\"wp-block-uagb-info-box uagb-block-03228049 uagb-infobox__content-wrap  uagb-infobox-icon-above-title uagb-infobox-image-valign-top\"><div class=\"uagb-ifb-content\"><div class=\"uagb-ifb-icon-wrap\"><svg xmlns=\"https:\/\/www.w3.org\/2000\/svg\" viewbox=\"0 0 512 512\"><path d=\"M511.2 387l-23.25 100.8c-3.266 14.25-15.79 24.22-30.46 24.22C205.2 512 0 306.8 0 54.5c0-14.66 9.969-27.2 24.22-30.45l100.8-23.25C139.7-2.602 154.7 5.018 160.8 18.92l46.52 108.5c5.438 12.78 1.77 27.67-8.98 36.45L144.5 207.1c33.98 69.22 90.26 125.5 159.5 159.5l44.08-53.8c8.688-10.78 23.69-14.51 36.47-8.975l108.5 46.51C506.1 357.2 514.6 372.4 511.2 387z\"><\/path><\/svg><\/div><div class=\"uagb-ifb-title-wrap\"><span class=\"uagb-ifb-title-prefix\">Tel\u00e9fono<\/span><p class=\"uagb-ifb-title\">Ll\u00e1manos durante el horario laboral para hablar con nuestro equipo.<\/p><\/div><p class=\"uagb-ifb-desc\">202-555-0188<\/p><\/div><\/div>\n\n\n\n<div class=\"wp-block-uagb-info-box uagb-block-5c00aa78 uagb-infobox__content-wrap  uagb-infobox-icon-above-title uagb-infobox-image-valign-top\"><div class=\"uagb-ifb-content\"><div class=\"uagb-ifb-icon-wrap\"><svg xmlns=\"https:\/\/www.w3.org\/2000\/svg\" viewbox=\"0 0 384 512\"><path d=\"M168.3 499.2C116.1 435 0 279.4 0 192C0 85.96 85.96 0 192 0C298 0 384 85.96 384 192C384 279.4 267 435 215.7 499.2C203.4 514.5 180.6 514.5 168.3 499.2H168.3zM192 256C227.3 256 256 227.3 256 192C256 156.7 227.3 128 192 128C156.7 128 128 156.7 128 192C128 227.3 156.7 256 192 256z\"><\/path><\/svg><\/div><div class=\"uagb-ifb-title-wrap\"><span class=\"uagb-ifb-title-prefix\">Oficina<\/span><p class=\"uagb-ifb-title\">Visite nuestra oficina para una consulta o para discutir sus objetivos.<\/p><\/div><p class=\"uagb-ifb-desc\">toctezinin, Chunchi, Ecuador<\/p><\/div><\/div>\n<\/div>\n<\/div><\/div>","protected":false},"excerpt":{"rendered":"","protected":false},"author":1,"featured_media":0,"parent":0,"menu_order":0,"comment_status":"closed","ping_status":"closed","template":"","meta":{"_uag_custom_page_level_css":"","site-sidebar-layout":"no-sidebar","site-content-layout":"","ast-site-content-layout":"normal-width-container","site-content-style":"default","site-sidebar-style":"default","ast-global-header-display":"","ast-banner-title-visibility":"","ast-main-header-display":"","ast-hfb-above-header-display":"","ast-hfb-below-header-display":"","ast-hfb-mobile-header-display":"","site-post-title":"disabled","ast-breadcrumbs-content":"","ast-featured-img":"","footer-sml-layout":"","theme-transparent-header-meta":"enabled","adv-header-id-meta":"","stick-header-meta":"","header-above-stick-meta":"","header-main-stick-meta":"","header-below-stick-meta":"","astra-migrate-meta-layouts":"default","ast-page-background-enabled":"default","ast-page-background-meta":{"desktop":{"background-color":"var(--ast-global-color-4)","background-image":"","background-repeat":"repeat","background-position":"center center","background-size":"auto","background-attachment":"scroll","background-type":"","background-media":"","overlay-type":"","overlay-color":"","overlay-opacity":"","overlay-gradient":""},"tablet":{"background-color":"","background-image":"","background-repeat":"repeat","background-position":"center center","background-size":"auto","background-attachment":"scroll","background-type":"","background-media":"","overlay-type":"","overlay-color":"","overlay-opacity":"","overlay-gradient":""},"mobile":{"background-color":"","background-image":"","background-repeat":"repeat","background-position":"center center","background-size":"auto","background-attachment":"scroll","background-type":"","background-media":"","overlay-type":"","overlay-color":"","overlay-opacity":"","overlay-gradient":""}},"ast-content-background-meta":{"desktop":{"background-color":"var(--ast-global-color-5)","background-image":"","background-repeat":"repeat","background-position":"center center","background-size":"auto","background-attachment":"scroll","background-type":"","background-media":"","overlay-type":"","overlay-color":"","overlay-opacity":"","overlay-gradient":""},"tablet":{"background-color":"var(--ast-global-color-5)","background-image":"","background-repeat":"repeat","background-position":"center center","background-size":"auto","background-attachment":"scroll","background-type":"","background-media":"","overlay-type":"","overlay-color":"","overlay-opacity":"","overlay-gradient":""},"mobile":{"background-color":"var(--ast-global-color-5)","background-image":"","background-repeat":"repeat","background-position":"center center","background-size":"auto","background-attachment":"scroll","background-type":"","background-media":"","overlay-type":"","overlay-color":"","overlay-opacity":"","overlay-gradient":""}},"footnotes":""},"class_list":["post-62","page","type-page","status-publish","hentry"],"uagb_featured_image_src":{"full":false,"thumbnail":false,"medium":false,"medium_large":false,"large":false,"1536x1536":false,"2048x2048":false,"trp-custom-language-flag":false},"uagb_author_info":{"display_name":"admin","author_link":"https:\/\/casazul.jarlim.es\/en\/author\/pepe_ox809l3k\/"},"uagb_comment_info":0,"uagb_excerpt":null,"_links":{"self":[{"href":"https:\/\/casazul.jarlim.es\/en\/wp-json\/wp\/v2\/pages\/62","targetHints":{"allow":["GET"]}}],"collection":[{"href":"https:\/\/casazul.jarlim.es\/en\/wp-json\/wp\/v2\/pages"}],"about":[{"href":"https:\/\/casazul.jarlim.es\/en\/wp-json\/wp\/v2\/types\/page"}],"author":[{"embeddable":true,"href":"https:\/\/casazul.jarlim.es\/en\/wp-json\/wp\/v2\/users\/1"}],"replies":[{"embeddable":true,"href":"https:\/\/casazul.jarlim.es\/en\/wp-json\/wp\/v2\/comments?post=62"}],"version-history":[{"count":0,"href":"https:\/\/casazul.jarlim.es\/en\/wp-json\/wp\/v2\/pages\/62\/revisions"}],"wp:attachment":[{"href":"https:\/\/casazul.jarlim.es\/en\/wp-json\/wp\/v2\/media?parent=62"}],"curies":[{"name":"wp","href":"https:\/\/api.w.org\/{rel}","templated":true}]}}